{"id":32,"date":"2020-01-08T16:37:24","date_gmt":"2020-01-08T15:37:24","guid":{"rendered":"http:\/\/kultura.uni.lodz.pl\/?page_id=32"},"modified":"2024-01-24T13:33:24","modified_gmt":"2024-01-24T12:33:24","slug":"regulamin","status":"publish","type":"page","link":"https:\/\/kultura.uni.lodz.pl\/index.php\/regulamin\/","title":{"rendered":"Regulamin"},"content":{"rendered":"\n<p> 1. Na stronie internetowej www.kultura.uni.lodz.pl prowadzonej przez Uniwersytet \u0141\u00f3dzki (dalej zwanym \u201eU\u0141\u201d) oferowane s\u0105 zni\u017cki na us\u0142ugi b\u0105d\u017a produkty innych firm, zwanych Partnerami.<\/p>\n\n\n\n<p> 2. U\u017cytkownikiem Serwisu mog\u0105 by\u0107 osoby fizyczne posiadaj\u0105ce status studenta lub pracownika Uniwersytetu \u0141\u00f3dzkiego. <\/p>\n\n\n\n<p>3. Nabycie przez U\u017cytkownika prawa do zni\u017cek wymaga uprzedniego utworzenia przez niego Konta. <\/p>\n\n\n\n<p>4. Aby utworzy\u0107 Konto, nale\u017cy zalogowa\u0107 poprzez Centralny System Logowania U\u0141 i zaakceptowa\u0107 Regulamin. Na u\u017cywany do logowania adres poczty elektronicznej (e-mail) zostanie niezw\u0142ocznie wys\u0142ana wiadomo\u015b\u0107 zwrotna informuj\u0105ca o za\u0142o\u017ceniu konta.<\/p>\n\n\n\n<p> 5. Dost\u0119p do Konta U\u017cytkownik uzyskuje po utworzeniu konta oraz zalogowaniu si\u0119. <\/p>\n\n\n\n<p>6. Wszelkie czynno\u015bci zwi\u0105zane z uzyskaniem zni\u017cek mo\u017ce dokonywa\u0107 jedynie zalogowany U\u017cytkownik. <\/p>\n\n\n\n<p>7. Aby skorzysta\u0107 ze zni\u017cki nale\u017cy okaza\u0107 e-maila potwierdzaj\u0105cego rejestracj\u0119 na wydarzenie zamieszczone w serwisie kultura.uni.lodz.pl (w formie wydruku lub wersji elektronicznej) w kasie instytucji wskazanej w ofercie.<\/p>\n\n\n\n<p> 8. U\u017cytkownik mo\u017ce usun\u0105\u0107 swoje Konto w ka\u017cdym momencie. W tym celu nale\u017cy wys\u0142a\u0107 maila z konta powi\u0105zanego z Centralnym Systemem Logowania U\u0141 na adres <a href=\"mailto:komunikacja@uni.lodz.pl\" target=\"_blank\" rel=\"noreferrer noopener\">komunikacja@uni.lodz.pl<\/a> <\/p>\n\n\n\n<p>9. U\u017cytkownikowi nie wolno korzysta\u0107 z Kont innych U\u017cytkownik\u00f3w oraz udost\u0119pnia\u0107 swojego Konta innym osobom. U\u017cytkownik powinien zachowa\u0107 w tajemnicy has\u0142o do Konta. <\/p>\n\n\n\n<p>10. W przypadku naruszenia Regulaminu przez U\u017cytkownika, U\u0141 mo\u017ce usun\u0105\u0107 jego Konto. <\/p>\n\n\n\n<p>11. U\u0141 nie ponosi odpowiedzialno\u015bci za odwo\u0142anie przez Partnera wydarzenia, na kt\u00f3re zosta\u0142y udost\u0119pnione zni\u017cki. <\/p>\n\n\n\n<p> 12. Akceptuj\u0105c niniejszy Regulamin, U\u017cytkownik akceptuje fakt, \u017ce korzystanie z portalu kultura.uni.lodz.pl odbywa si\u0119 wy\u0142\u0105cznie na ich ryzyko. U\u0141 nie gwarantuje nieprzerwanego i bezb\u0142\u0119dnego u\u017cytkowania serwisu. <\/p>\n\n\n\n<p>13. Administratorem danych osobowych U\u017cytkownik\u00f3w jest Uniwersytet \u0141\u00f3dzki, ul. Narutowicza 68, 90-136 \u0141\u00f3d\u017a. <\/p>\n\n\n\n<p>14. Kontakt do Inspektora Ochrony Danych Uniwersytetu \u0141\u00f3dzkiego: na wy\u017cej wskazany adres korespondencyjny z dopiskiem Inspektor Ochrony Danych U\u0141, e-mail: iod@uni.lodz.pl <\/p>\n\n\n\n<p>15. Dane osobowe U\u017cytkownik\u00f3w s\u0105 przetwarzane na potrzeby organizacyjne projektu, aby umo\u017cliwi\u0107 U\u017cytkownikom korzystanie ze zni\u017cek na us\u0142ugi, b\u0105d\u017a produkty firm, b\u0119d\u0105cych partnerami U\u0141. Dane s\u0105 przetwarzane na podstawie zgody wyra\u017conej przez U\u017cytkownika (art. 6 ust. lit. a RODO).<\/p>\n\n\n\n<p> 16. W zwi\u0105zku z prowadzeniem strony internetowej www.kultura.uni.lodz.pl poprzez kt\u00f3r\u0105 U\u017cytkownicy mog\u0105 korzysta\u0107 ze zni\u017cek na us\u0142ugi b\u0105d\u017a produkty oferowane przez Partner\u00f3w Uniwersytet \u0141\u00f3dzki przetwarza dane osobowe: 1) student\u00f3w U\u0141; 2) pracownik\u00f3w U\u0141. <\/p>\n\n\n\n<p>17. Administrator przetwarza dane osobowe ww. os\u00f3b w nast\u0119puj\u0105cym zakresie: imi\u0119, nazwisko, adres e-mail. <\/p>\n\n\n\n<p>18. Dane osobowe U\u017cytkownik\u00f3w b\u0119d\u0105 przechowywane przez okres realizacji celu, w jakim zosta\u0142y zebrane (tj. posiadania przez U\u017cytkownika konta i korzystania przez niego ze zni\u017cek na us\u0142ugi\/produkty). <\/p>\n\n\n\n<p>19. Dane osobowe mog\u0105 by\u0107 udost\u0119pniane innym podmiotom uprawnionym na podstawie w\u0142a\u015bciwych przepis\u00f3w prawa oraz stosownych um\u00f3w zawartych z Uniwersytetem (w tym Partnerom oferuj\u0105cym zni\u017cki na us\u0142ugi\/produkty);<\/p>\n\n\n\n<p> 20. W zwi\u0105zku z przetwarzaniem danych U\u017cytkownikowi przys\u0142uguje prawo: 1) dost\u0119pu do tre\u015bci swoich danych osobowych oraz 2) sprostowania, usuni\u0119cia lub ograniczenia przetwarzania,  3) wniesienia sprzeciwu wobec przetwarzania danych \u2013 je\u017celi dotyczy, 4) przenoszenia danych osobowych na warunkach okre\u015blonych w przepisach prawa, 5) wniesienia skargi do organu nadzorczego, kt\u00f3rym jest Prezes Urz\u0119du Ochrony Danych Osobowych z siedzib\u0105 w Warszawie, ul. Stawki 2. <\/p>\n\n\n\n<p> 21. W sytuacji, gdy przetwarzanie danych osobowych odbywa si\u0119 na podstawie wyra\u017conej zgody, podmiot danych posiada prawo do cofni\u0119cia zgody w dowolnym momencie bez wp\u0142ywu na zgodno\u015b\u0107 z prawem przetwarzania, kt\u00f3rego dokonano przed cofni\u0119ciem zgody. <\/p>\n\n\n\n<p>22. Podanie danych jest dobrowolne, ale niezb\u0119dne do za\u0142o\u017cenia i skorzystania z konta. <\/p>\n\n\n\n<p>23. U\u0141 zastrzega sobie prawo do zmiany postanowie\u0144 Regulaminu. Wszelkie zmiany og\u0142asza\u0107 b\u0119dzie ka\u017cdorazowo na stronie internetowej kultura.uni.lodz.pl.<\/p>\n\n\n<p><!--EndFragment--><\/p>","protected":false},"excerpt":{"rendered":"<p>1. Na stronie internetowej www.kultura.uni.lodz.pl prowadzonej przez Uniwersytet \u0141\u00f3dzki (dalej zwanym \u201eU\u0141\u201d) oferowane s\u0105 zni\u017cki na us\u0142ugi b\u0105d\u017a produkty innych firm, zwanych Partnerami. 2. U\u017cytkownikiem Serwisu mog\u0105 by\u0107 osoby fizyczne posiadaj\u0105ce status studenta lub pracownika [&hellip;]<\/p>\n","protected":false},"author":4,"featured_media":0,"parent":0,"menu_order":0,"comment_status":"closed","ping_status":"closed","template":"","meta":{"footnotes":""},"class_list":["post-32","page","type-page","status-publish","hentry"],"_links":{"self":[{"href":"https:\/\/kultura.uni.lodz.pl\/index.php\/wp-json\/wp\/v2\/pages\/32","targetHints":{"allow":["GET"]}}],"collection":[{"href":"https:\/\/kultura.uni.lodz.pl\/index.php\/wp-json\/wp\/v2\/pages"}],"about":[{"href":"https:\/\/kultura.uni.lodz.pl\/index.php\/wp-json\/wp\/v2\/types\/page"}],"author":[{"embeddable":true,"href":"https:\/\/kultura.uni.lodz.pl\/index.php\/wp-json\/wp\/v2\/users\/4"}],"replies":[{"embeddable":true,"href":"https:\/\/kultura.uni.lodz.pl\/index.php\/wp-json\/wp\/v2\/comments?post=32"}],"version-history":[{"count":4,"href":"https:\/\/kultura.uni.lodz.pl\/index.php\/wp-json\/wp\/v2\/pages\/32\/revisions"}],"predecessor-version":[{"id":1818,"href":"https:\/\/kultura.uni.lodz.pl\/index.php\/wp-json\/wp\/v2\/pages\/32\/revisions\/1818"}],"wp:attachment":[{"href":"https:\/\/kultura.uni.lodz.pl\/index.php\/wp-json\/wp\/v2\/media?parent=32"}],"curies":[{"name":"wp","href":"https:\/\/api.w.org\/{rel}","templated":true}]}}